{"id":25393,"date":"2021-05-04T08:48:25","date_gmt":"2021-05-04T08:48:25","guid":{"rendered":"https:\/\/www.portosantoimobiliario.com\/how-to-get-to-porto-santo\/"},"modified":"2023-05-05T06:44:38","modified_gmt":"2023-05-05T06:44:38","slug":"como-chegar-ao-porto-santo","status":"publish","type":"page","link":"https:\/\/www.portosantoimobiliario.com\/pt-pt\/como-chegar-ao-porto-santo\/","title":{"rendered":"Como chegar ao Porto Santo"},"content":{"rendered":"\t\t<div data-elementor-type=\"wp-page\" data-elementor-id=\"25393\" class=\"elementor elementor-25393 elementor-17415\">\n\t\t\t\t\t\t<div class=\"elementor-inner\">\n\t\t\t\t<div class=\"elementor-section-wrap\">\n\t\t\t\t\t\t\t\t\t<section class=\"elementor-section elementor-top-section elementor-element elementor-element-209c378 elementor-section-stretched alter_bg elementor-section-boxed elementor-section-height-default elementor-section-height-default sc_fly_static\" data-id=\"209c378\" data-element_type=\"section\" data-settings=\"{&quot;stretch_section&quot;:&quot;section-stretched&quot;,&quot;background_background&quot;:&quot;classic&quot;}\">\n\t\t\t\t\t\t<div class=\"elementor-container elementor-column-gap-extended\">\n\t\t\t\t\t\t\t<div class=\"elementor-row\">\n\t\t\t\t\t<div class=\"elementor-column elementor-col-100 elementor-top-column elementor-element elementor-element-c3105dc sc_inner_width_none sc_content_align_inherit sc_layouts_column_icons_position_left sc_fly_static\" data-id=\"c3105dc\" data-element_type=\"column\">\n\t\t\t<div class=\"elementor-column-wrap elementor-element-populated\">\n\t\t\t\t\t\t\t<div class=\"elementor-widget-wrap\">\n\t\t\t\t\t\t<div class=\"elementor-element elementor-element-4c65c2d sc_height_huge sc_fly_static elementor-widget elementor-widget-spacer\" data-id=\"4c65c2d\" data-element_type=\"widget\" data-widget_type=\"spacer.default\">\n\t\t\t\t<div class=\"elementor-widget-container\">\n\t\t\t\t\t<div class=\"elementor-spacer\">\n\t\t\t<div class=\"elementor-spacer-inner\"><\/div>\n\t\t<\/div>\n\t\t\t\t<\/div>\n\t\t\t\t<\/div>\n\t\t\t\t<section class=\"elementor-section elementor-inner-section elementor-element elementor-element-5bb9cad elementor-section-boxed elementor-section-height-default elementor-section-height-default sc_fly_static\" data-id=\"5bb9cad\" data-element_type=\"section\">\n\t\t\t\t\t\t<div class=\"elementor-container elementor-column-gap-extended\">\n\t\t\t\t\t\t\t<div class=\"elementor-row\">\n\t\t\t\t\t<div class=\"elementor-column elementor-col-100 elementor-inner-column elementor-element elementor-element-4ec7a96 sc_inner_width_none sc_content_align_inherit sc_layouts_column_icons_position_left sc_fly_static\" data-id=\"4ec7a96\" data-element_type=\"column\">\n\t\t\t<div class=\"elementor-column-wrap elementor-element-populated\">\n\t\t\t\t\t\t\t<div class=\"elementor-widget-wrap\">\n\t\t\t\t\t\t<div class=\"elementor-element elementor-element-7d63a56 sc_fly_static elementor-widget elementor-widget-text-editor\" data-id=\"7d63a56\" data-element_type=\"widget\" data-widget_type=\"text-editor.default\">\n\t\t\t\t<div class=\"elementor-widget-container\">\n\t\t\t\t\t\t\t\t<div class=\"elementor-text-editor elementor-clearfix\">\n\t\t\t\t<p>Chegar a Porto Santo \u00e9 relativamente simples, com v\u00e1rias op\u00e7\u00f5es de transporte \u00e0 disposi\u00e7\u00e3o dos visitantes. A forma mais r\u00e1pida e conveniente de chegar \u00e0 ilha \u00e9 por via a\u00e9rea. V\u00e1rias companhias a\u00e9reas, incluindo a TAP Air Portugal e Binter Canarias, oferecem voos regulares do Aeroporto Internacional Cristiano Ronaldo, da Madeira,\u00a0<span style=\"font-size: inherit; background-color: var(--theme-color-alter_bg_color); color: var(--theme-color-text); letter-spacing: 0.016em;\">para o Aeroporto de Porto Santo. O voo demora apenas 15 minutos, e os visitantes podem desfrutar de vistas deslumbrantes tanto da Madeira como do Porto Santo de cima.<\/span><\/p><p>Para aqueles que preferem viajar por mar, h\u00e1 tamb\u00e9m um servi\u00e7o de ferry da capital da Madeira, Funchal. O servi\u00e7o de ferry opera v\u00e1rias vezes por semana, e a viagem demora aproximadamente duas horas e meia. Os visitantes podem desfrutar do ar fresco do mar e apreciar as deslumbrantes vistas do Oceano Atl\u00e2ntico e das ilhas circundantes durante a viagem.<\/p><p>Uma vez no Porto Santo, os visitantes podem explorar a ilha a p\u00e9, de bicicleta, ou de carro. H\u00e1 v\u00e1rias empresas de aluguer de autom\u00f3veis dispon\u00edveis na ilha, e as bicicletas podem ser alugadas em v\u00e1rias lojas de aluguer na Vila Baleira. Os visitantes podem tamb\u00e9m tirar partido do servi\u00e7o local de autocarros da ilha ou alugar um t\u00e1xi para se deslocarem.<br \/>Para aqueles que preferem uma experi\u00eancia mais luxuosa, est\u00e3o tamb\u00e9m dispon\u00edveis alugueres de iates privados, permitindo aos visitantes navegar pela ilha e explorar as suas enseadas escondidas e praias isoladas. Com tantas op\u00e7\u00f5es de transporte dispon\u00edveis, chegar ao Porto Santo e arredores \u00e9 simples e sem stress.<\/p><p>Ao planear uma viagem ao Porto Santo, \u00e9 essencial verificar os hor\u00e1rios de transporte e reservar com anteced\u00eancia, particularmente durante a \u00e9poca alta de viagens.\u00a0<\/p><p>Em geral, chegar a Porto Santo \u00e9 uma brisa, com uma gama de op\u00e7\u00f5es de transporte dispon\u00edveis para se adequar a todos os or\u00e7amentos e prefer\u00eancias. Quer opte por voar, apanhar o ferry, ou navegar \u00e0 volta da ilha num iate privado, certamente desfrutar\u00e1 de uma viagem memor\u00e1vel e de uma estadia inesquec\u00edvel nesta bela ilha paradis\u00edaca.<\/p>\t\t\t\t\t<\/div>\n\t\t\t\t\t\t<\/div>\n\t\t\t\t<\/div>\n\t\t\t\t<div class=\"elementor-element elementor-element-1aaa181 sc_height_large sc_fly_static elementor-widget elementor-widget-spacer\" data-id=\"1aaa181\" data-element_type=\"widget\" data-widget_type=\"spacer.default\">\n\t\t\t\t<div class=\"elementor-widget-container\">\n\t\t\t\t\t<div class=\"elementor-spacer\">\n\t\t\t<div class=\"elementor-spacer-inner\"><\/div>\n\t\t<\/div>\n\t\t\t\t<\/div>\n\t\t\t\t<\/div>\n\t\t\t\t\t\t<\/div>\n\t\t\t\t\t<\/div>\n\t\t<\/div>\n\t\t\t\t\t\t\t\t<\/div>\n\t\t\t\t\t<\/div>\n\t\t<\/section>\n\t\t\t\t\t\t<\/div>\n\t\t\t\t\t<\/div>\n\t\t<\/div>\n\t\t\t\t\t\t\t\t<\/div>\n\t\t\t\t\t<\/div>\n\t\t<\/section>\n\t\t\t\t<section class=\"elementor-section elementor-top-section elementor-element elementor-element-a9073c7 elementor-section-boxed elementor-section-height-default elementor-section-height-default sc_fly_static\" data-id=\"a9073c7\" data-element_type=\"section\">\n\t\t\t\t\t\t<div class=\"elementor-container elementor-column-gap-extended\">\n\t\t\t\t\t\t\t<div class=\"elementor-row\">\n\t\t\t\t\t<div class=\"elementor-column elementor-col-100 elementor-top-column elementor-element elementor-element-f399210 sc_inner_width_none sc_content_align_inherit sc_layouts_column_icons_position_left sc_fly_static\" data-id=\"f399210\" data-element_type=\"column\">\n\t\t\t<div class=\"elementor-column-wrap elementor-element-populated\">\n\t\t\t\t\t\t\t<div class=\"elementor-widget-wrap\">\n\t\t\t\t\t\t<div class=\"elementor-element elementor-element-4a561dc sc_fly_static elementor-widget elementor-widget-spacer\" data-id=\"4a561dc\" data-element_type=\"widget\" data-widget_type=\"spacer.default\">\n\t\t\t\t<div class=\"elementor-widget-container\">\n\t\t\t\t\t<div class=\"elementor-spacer\">\n\t\t\t<div class=\"elementor-spacer-inner\"><\/div>\n\t\t<\/div>\n\t\t\t\t<\/div>\n\t\t\t\t<\/div>\n\t\t\t\t\t\t<\/div>\n\t\t\t\t\t<\/div>\n\t\t<\/div>\n\t\t\t\t\t\t\t\t<\/div>\n\t\t\t\t\t<\/div>\n\t\t<\/section>\n\t\t\t\t<section class=\"elementor-section elementor-top-section elementor-element elementor-element-5432a47 elementor-section-boxed elementor-section-height-default elementor-section-height-default sc_fly_static\" data-id=\"5432a47\" data-element_type=\"section\">\n\t\t\t\t\t\t<div class=\"elementor-container elementor-column-gap-extended\">\n\t\t\t\t\t\t\t<div class=\"elementor-row\">\n\t\t\t\t\t<div class=\"elementor-column elementor-col-50 elementor-top-column elementor-element elementor-element-ecac35d sc_inner_width_none sc_content_align_inherit sc_layouts_column_icons_position_left sc_fly_static\" data-id=\"ecac35d\" data-element_type=\"column\">\n\t\t\t<div class=\"elementor-column-wrap elementor-element-populated\">\n\t\t\t\t\t\t\t<div class=\"elementor-widget-wrap\">\n\t\t\t\t\t\t<div class=\"elementor-element elementor-element-a37f51f sc_fly_static elementor-widget elementor-widget-image\" data-id=\"a37f51f\" data-element_type=\"widget\" data-widget_type=\"image.default\">\n\t\t\t\t<div class=\"elementor-widget-container\">\n\t\t\t\t\t\t\t\t<div class=\"elementor-image\">\n\t\t\t\t\t\t\t\t\t<figure class=\"wp-caption\">\n\t\t\t\t\t\t\t\t\t\t<img decoding=\"async\" loading=\"lazy\" width=\"850\" height=\"450\" src=\"https:\/\/www.portosantoimobiliario.com\/wp-content\/uploads\/2023\/05\/lobo-marinho-porto-santo-850x450.jpg\" class=\"attachment-windsor-thumb-big size-windsor-thumb-big wp-image-25853\" alt=\"lobo-marinho-porto-santo\" \/>\t\t\t\t\t\t\t\t\t\t\t<figcaption class=\"widget-image-caption wp-caption-text\">De barco | Ferry - Lobo Marinho<\/figcaption>\n\t\t\t\t\t\t\t\t\t\t<\/figure>\n\t\t\t\t\t\t\t\t<\/div>\n\t\t\t\t\t\t<\/div>\n\t\t\t\t<\/div>\n\t\t\t\t\t\t<\/div>\n\t\t\t\t\t<\/div>\n\t\t<\/div>\n\t\t\t\t<div class=\"elementor-column elementor-col-50 elementor-top-column elementor-element elementor-element-487e638 sc_inner_width_none sc_content_align_inherit sc_layouts_column_icons_position_left sc_fly_static\" data-id=\"487e638\" data-element_type=\"column\">\n\t\t\t<div class=\"elementor-column-wrap elementor-element-populated\">\n\t\t\t\t\t\t\t<div class=\"elementor-widget-wrap\">\n\t\t\t\t\t\t<div class=\"elementor-element elementor-element-3b47dfe sc_fly_static elementor-widget elementor-widget-image\" data-id=\"3b47dfe\" data-element_type=\"widget\" data-widget_type=\"image.default\">\n\t\t\t\t<div class=\"elementor-widget-container\">\n\t\t\t\t\t\t\t\t<div class=\"elementor-image\">\n\t\t\t\t\t\t\t\t\t<figure class=\"wp-caption\">\n\t\t\t\t\t\t\t\t\t\t<img decoding=\"async\" loading=\"lazy\" width=\"850\" height=\"450\" src=\"https:\/\/www.portosantoimobiliario.com\/wp-content\/uploads\/2023\/05\/Foto-aeroporto-portosanto-850x450.jpg\" class=\"attachment-windsor-thumb-big size-windsor-thumb-big wp-image-25856\" alt=\"Foto-aeroporto-portosanto\" \/>\t\t\t\t\t\t\t\t\t\t\t<figcaption class=\"widget-image-caption wp-caption-text\">De avi\u00e3o | Porto Santo - Airport<\/figcaption>\n\t\t\t\t\t\t\t\t\t\t<\/figure>\n\t\t\t\t\t\t\t\t<\/div>\n\t\t\t\t\t\t<\/div>\n\t\t\t\t<\/div>\n\t\t\t\t\t\t<\/div>\n\t\t\t\t\t<\/div>\n\t\t<\/div>\n\t\t\t\t\t\t\t\t<\/div>\n\t\t\t\t\t<\/div>\n\t\t<\/section>\n\t\t\t\t\t\t\t\t\t<\/div>\n\t\t\t<\/div>\n\t\t\t\t\t<\/div>\n\t\t","protected":false},"excerpt":{"rendered":"<p>Chegar a Porto Santo \u00e9 relativamente simples, com v\u00e1rias op\u00e7\u00f5es de transporte \u00e0 disposi\u00e7\u00e3o dos visitantes. A forma mais r\u00e1pida e conveniente de chegar \u00e0 ilha \u00e9 por via a\u00e9rea.&hellip;<\/p>\n","protected":false},"author":1,"featured_media":0,"parent":0,"menu_order":0,"comment_status":"closed","ping_status":"closed","template":"","meta":{"footnotes":""},"jetpack_sharing_enabled":true,"_links":{"self":[{"href":"https:\/\/www.portosantoimobiliario.com\/pt-pt\/wp-json\/wp\/v2\/pages\/25393"}],"collection":[{"href":"https:\/\/www.portosantoimobiliario.com\/pt-pt\/wp-json\/wp\/v2\/pages"}],"about":[{"href":"https:\/\/www.portosantoimobiliario.com\/pt-pt\/wp-json\/wp\/v2\/types\/page"}],"author":[{"embeddable":true,"href":"https:\/\/www.portosantoimobiliario.com\/pt-pt\/wp-json\/wp\/v2\/users\/1"}],"replies":[{"embeddable":true,"href":"https:\/\/www.portosantoimobiliario.com\/pt-pt\/wp-json\/wp\/v2\/comments?post=25393"}],"version-history":[{"count":0,"href":"https:\/\/www.portosantoimobiliario.com\/pt-pt\/wp-json\/wp\/v2\/pages\/25393\/revisions"}],"wp:attachment":[{"href":"https:\/\/www.portosantoimobiliario.com\/pt-pt\/wp-json\/wp\/v2\/media?parent=25393"}],"curies":[{"name":"wp","href":"https:\/\/api.w.org\/{rel}","templated":true}]}}